{"id":120,"date":"2021-04-13T19:33:01","date_gmt":"2021-04-13T17:33:01","guid":{"rendered":"http:\/\/essendole-gite-vercors.com\/?page_id=120"},"modified":"2021-04-13T20:57:08","modified_gmt":"2021-04-13T18:57:08","slug":"activites-vercors","status":"publish","type":"page","link":"https:\/\/essendole-gite-vercors.com\/index.php\/activites-vercors\/","title":{"rendered":"Activit\u00e9s Vercors"},"content":{"rendered":"\n<p>Profitez des multiples activit\u00e9s qu&#8217;offre le Vercors. <\/p>\n\n\n\n<p>Activit\u00e9s \u00e9t\u00e9<\/p>\n\n\n\n<p>Balades<\/p>\n\n\n\n<p>De multiples balades sont \u00e0 vos pieds : un peu engag\u00e9es comme tr\u00e8s accessibles, vous trouverez votre bonheur ici.<\/p>\n\n\n\n<p>Sorties famille<\/p>\n\n\n\n<p>Voici nos id\u00e9es de sorties en famille. Les enfants ont besoin d&#8217;objectifs, alors en voici quelques uns pour les motiver \u00e0 marcher sur les multiples sentiers du Plateau ; <\/p>\n\n\n\n<ul><li>Balade du <a rel=\"noreferrer noopener\" href=\"https:\/\/leclariant.com\" target=\"_blank\">Clariant<\/a> : une marche de 30 minutes en moyenne pour arriver \u00e0 un ancien refuge de montagne tout en rondins reconverti en restaurant perdu au milieu de la nature ! <\/li><li><a href=\"https:\/\/www.villarddelans.com\/ete\/le-pont-de-l-amour.html#.YHXnUS3pNZ0\" target=\"_blank\" rel=\"noreferrer noopener\">Pont de l&#8217;Amour<\/a> : en plus d&#8217;un nom tellement romantique, le chemin est vraiment tr\u00e8s accessible. <\/li><li><a href=\"http:\/\/via.vercors.fr\/fr\/itineraires\/troncon-lans-villard\" target=\"_blank\" rel=\"noreferrer noopener\">Aller-Retour Villard-de-Lans &#8211; Lans-en-Vercors<\/a> \u00e0 VTT<\/li><li>Pique-nique \u00e0 M\u00e9audre sur les rives du M\u00e9audrais. N&#8217;oubliez pas les sandales d&#8217;eau. <\/li><li>Pique nique \u00e0 <a href=\"http:\/\/photoverconature.odiapo.com\/galerie_d3.asp?album=739&amp;galerie=1949&amp;ng=LA%20CASCADE%20DU%20BOUCHET\" target=\"_blank\" rel=\"noreferrer noopener\">la cascade<\/a>, \u00e0 Autrans : d\u00e9marrez du hameau du Bouchet, puis marchez en direction du Pas de Belecombe et apr\u00e8s 100 m\u00e8tres, prendre le sentier \u00e0 gaucher.<\/li><li>Autrans-M\u00e9audre \u00e0 v\u00e9lo<\/li><li>Les gorges du M\u00e9audrais \u00e0 v\u00e9lo<\/li><li>Visite de la grotte de Choranche<\/li><\/ul>\n","protected":false},"excerpt":{"rendered":"<p>Profitez des multiples activit\u00e9s qu&#8217;offre le Vercors. Activit\u00e9s \u00e9t\u00e9 Balades De multiples balades sont \u00e0 vos pieds : un peu engag\u00e9es comme tr\u00e8s accessibles, vous trouverez votre bonheur ici. Sorties famille Voici nos id\u00e9es de sorties en famille. Les enfants ont besoin d&#8217;objectifs, alors en voici quelques uns pour les motiver \u00e0 marcher sur les &hellip; <\/p>\n<p class=\"link-more\"><a href=\"https:\/\/essendole-gite-vercors.com\/index.php\/activites-vercors\/\" class=\"more-link\">Continue reading<span class=\"screen-reader-text\"> &#8220;Activit\u00e9s Vercors&#8221;<\/span><\/a><\/p>\n","protected":false},"author":1,"featured_media":0,"parent":0,"menu_order":0,"comment_status":"closed","ping_status":"closed","template":"","meta":[],"_links":{"self":[{"href":"https:\/\/essendole-gite-vercors.com\/index.php\/wp-json\/wp\/v2\/pages\/120"}],"collection":[{"href":"https:\/\/essendole-gite-vercors.com\/index.php\/wp-json\/wp\/v2\/pages"}],"about":[{"href":"https:\/\/essendole-gite-vercors.com\/index.php\/wp-json\/wp\/v2\/types\/page"}],"author":[{"embeddable":true,"href":"https:\/\/essendole-gite-vercors.com\/index.php\/wp-json\/wp\/v2\/users\/1"}],"replies":[{"embeddable":true,"href":"https:\/\/essendole-gite-vercors.com\/index.php\/wp-json\/wp\/v2\/comments?post=120"}],"version-history":[{"count":3,"href":"https:\/\/essendole-gite-vercors.com\/index.php\/wp-json\/wp\/v2\/pages\/120\/revisions"}],"predecessor-version":[{"id":125,"href":"https:\/\/essendole-gite-vercors.com\/index.php\/wp-json\/wp\/v2\/pages\/120\/revisions\/125"}],"wp:attachment":[{"href":"https:\/\/essendole-gite-vercors.com\/index.php\/wp-json\/wp\/v2\/media?parent=120"}],"curies":[{"name":"wp","href":"https:\/\/api.w.org\/{rel}","templated":true}]}}