{"id":9,"date":"2021-03-05T19:10:22","date_gmt":"2021-03-05T18:10:22","guid":{"rendered":"http:\/\/essendole-gite-vercors.com\/?page_id=9"},"modified":"2023-03-13T11:51:48","modified_gmt":"2023-03-13T10:51:48","slug":"gite-vacance-villard-de-lans-le-pas-du-loup","status":"publish","type":"page","link":"https:\/\/essendole-gite-vercors.com\/index.php\/gite-vacance-villard-de-lans-le-pas-du-loup\/","title":{"rendered":"Essendole &#8211; Le Loup"},"content":{"rendered":"\n<figure class=\"wp-block-image size-large is-resized\"><img loading=\"lazy\" src=\"http:\/\/essendole-gite-vercors.com\/wp-content\/uploads\/2023\/03\/Loup1-900x900.jpeg\" alt=\"\" class=\"wp-image-400\" width=\"331\" height=\"331\" srcset=\"https:\/\/essendole-gite-vercors.com\/wp-content\/uploads\/2023\/03\/Loup1-900x900.jpeg 900w, https:\/\/essendole-gite-vercors.com\/wp-content\/uploads\/2023\/03\/Loup1-260x260.jpeg 260w, https:\/\/essendole-gite-vercors.com\/wp-content\/uploads\/2023\/03\/Loup1-150x150.jpeg 150w, https:\/\/essendole-gite-vercors.com\/wp-content\/uploads\/2023\/03\/Loup1-768x768.jpeg 768w, https:\/\/essendole-gite-vercors.com\/wp-content\/uploads\/2023\/03\/Loup1-100x100.jpeg 100w, https:\/\/essendole-gite-vercors.com\/wp-content\/uploads\/2023\/03\/Loup1.jpeg 960w\" sizes=\"(max-width: 331px) 100vw, 331px\" \/><\/figure>\n\n\n\n<p>Le g\u00eete le Loup est l&#8217;appartement c\u00f4t\u00e9 sud de l&#8217;Essendole.<\/p>\n\n\n\n<p>Tr\u00e8s lumineux, le Loup accommode ais\u00e9ment 10 personnes dans ses 100 m2 lumineux et chaleureux. <\/p>\n\n\n\n<p class=\"has-large-font-size\">Rez-de-chauss\u00e9e<\/p>\n\n\n\n<p>Accessible via une entr\u00e9e privative qui donne sur un WC et un grand placard, vous p\u00e9n\u00e9trerez ensuite dans une spacieuse pi\u00e8ce de vie avec un espace cuisine bien \u00e9quip\u00e9, un espace repas et un espace salon agr\u00e9ment\u00e9 d&#8217;une chemin\u00e9e. <\/p>\n\n\n\n<p>Ce rez-de-chauss\u00e9e donne sur une spacieuse terrasse de bois avec vue sur les sommets et sur laquelle vous pourrez vous pr\u00e9lasser au rythme de la fontaine attenante. <\/p>\n\n\n\n<figure class=\"wp-block-gallery columns-3 is-cropped\"><ul class=\"blocks-gallery-grid\"><li class=\"blocks-gallery-item\"><figure><a href=\"http:\/\/essendole-gite-vercors.com\/wp-content\/uploads\/2021\/03\/IMG_7188.jpg\"><img loading=\"lazy\" width=\"219\" height=\"300\" src=\"http:\/\/essendole-gite-vercors.com\/wp-content\/uploads\/2021\/03\/IMG_7188-219x300.jpg\" alt=\"\" data-id=\"60\" data-full-url=\"http:\/\/essendole-gite-vercors.com\/wp-content\/uploads\/2021\/03\/IMG_7188.jpg\" data-link=\"http:\/\/essendole-gite-vercors.com\/index.php\/gite-vacance-villard-de-lans-le-bois-du-cerf\/img_7188\/\" class=\"wp-image-60\" srcset=\"https:\/\/essendole-gite-vercors.com\/wp-content\/uploads\/2021\/03\/IMG_7188-219x300.jpg 219w, https:\/\/essendole-gite-vercors.com\/wp-content\/uploads\/2021\/03\/IMG_7188-747x1024.jpg 747w, https:\/\/essendole-gite-vercors.com\/wp-content\/uploads\/2021\/03\/IMG_7188-768x1052.jpg 768w, https:\/\/essendole-gite-vercors.com\/wp-content\/uploads\/2021\/03\/IMG_7188-1121x1536.jpg 1121w, https:\/\/essendole-gite-vercors.com\/wp-content\/uploads\/2021\/03\/IMG_7188.jpg 1434w\" sizes=\"(max-width: 219px) 100vw, 219px\" \/><\/a><figcaption class=\"blocks-gallery-item__caption\">Espace salle \u00e0 manger<\/figcaption><\/figure><\/li><li class=\"blocks-gallery-item\"><figure><a href=\"http:\/\/essendole-gite-vercors.com\/wp-content\/uploads\/2021\/03\/IMG_7190-rotated.jpg\"><img loading=\"lazy\" width=\"225\" height=\"300\" src=\"http:\/\/essendole-gite-vercors.com\/wp-content\/uploads\/2021\/03\/IMG_7190-225x300.jpg\" alt=\"\" data-id=\"61\" data-full-url=\"http:\/\/essendole-gite-vercors.com\/wp-content\/uploads\/2021\/03\/IMG_7190-rotated.jpg\" data-link=\"http:\/\/essendole-gite-vercors.com\/index.php\/gite-vacance-villard-de-lans-le-bois-du-cerf\/img_7190\/\" class=\"wp-image-61\" srcset=\"https:\/\/essendole-gite-vercors.com\/wp-content\/uploads\/2021\/03\/IMG_7190-225x300.jpg 225w, https:\/\/essendole-gite-vercors.com\/wp-content\/uploads\/2021\/03\/IMG_7190-768x1024.jpg 768w, https:\/\/essendole-gite-vercors.com\/wp-content\/uploads\/2021\/03\/IMG_7190-1152x1536.jpg 1152w, https:\/\/essendole-gite-vercors.com\/wp-content\/uploads\/2021\/03\/IMG_7190-rotated.jpg 1512w\" sizes=\"(max-width: 225px) 100vw, 225px\" \/><\/a><figcaption class=\"blocks-gallery-item__caption\">Espace salon<\/figcaption><\/figure><\/li><li class=\"blocks-gallery-item\"><figure><a href=\"http:\/\/essendole-gite-vercors.com\/wp-content\/uploads\/2021\/03\/006edd58-4630-4e24-8aef-637b7c472e1e.jpg\"><img loading=\"lazy\" width=\"300\" height=\"200\" src=\"http:\/\/essendole-gite-vercors.com\/wp-content\/uploads\/2021\/03\/006edd58-4630-4e24-8aef-637b7c472e1e-300x200.jpg\" alt=\"essendole-gite-vercors-pas-du-loup-salon-2\" data-id=\"31\" data-full-url=\"http:\/\/essendole-gite-vercors.com\/wp-content\/uploads\/2021\/03\/006edd58-4630-4e24-8aef-637b7c472e1e.jpg\" data-link=\"http:\/\/essendole-gite-vercors.com\/006edd58-4630-4e24-8aef-637b7c472e1e\/\" class=\"wp-image-31\" srcset=\"https:\/\/essendole-gite-vercors.com\/wp-content\/uploads\/2021\/03\/006edd58-4630-4e24-8aef-637b7c472e1e-300x200.jpg 300w, https:\/\/essendole-gite-vercors.com\/wp-content\/uploads\/2021\/03\/006edd58-4630-4e24-8aef-637b7c472e1e-768x512.jpg 768w, https:\/\/essendole-gite-vercors.com\/wp-content\/uploads\/2021\/03\/006edd58-4630-4e24-8aef-637b7c472e1e.jpg 1024w\" sizes=\"(max-width: 300px) 100vw, 300px\" \/><\/a><figcaption class=\"blocks-gallery-item__caption\">Vue sur la pi\u00e8ce \u00e0 vivre depuis le salon<\/figcaption><\/figure><\/li><li class=\"blocks-gallery-item\"><figure><a href=\"http:\/\/essendole-gite-vercors.com\/wp-content\/uploads\/2021\/03\/e993419f-918f-4a6c-8f7e-128dacae8768.jpg\"><img loading=\"lazy\" width=\"300\" height=\"200\" src=\"http:\/\/essendole-gite-vercors.com\/wp-content\/uploads\/2021\/03\/e993419f-918f-4a6c-8f7e-128dacae8768-300x200.jpg\" alt=\"g\u00eete-vacances-villard-de-lans\" data-id=\"14\" data-full-url=\"http:\/\/essendole-gite-vercors.com\/wp-content\/uploads\/2021\/03\/e993419f-918f-4a6c-8f7e-128dacae8768.jpg\" data-link=\"http:\/\/essendole-gite-vercors.com\/e993419f-918f-4a6c-8f7e-128dacae8768\/\" class=\"wp-image-14\" srcset=\"https:\/\/essendole-gite-vercors.com\/wp-content\/uploads\/2021\/03\/e993419f-918f-4a6c-8f7e-128dacae8768-300x200.jpg 300w, https:\/\/essendole-gite-vercors.com\/wp-content\/uploads\/2021\/03\/e993419f-918f-4a6c-8f7e-128dacae8768-768x512.jpg 768w, https:\/\/essendole-gite-vercors.com\/wp-content\/uploads\/2021\/03\/e993419f-918f-4a6c-8f7e-128dacae8768.jpg 1024w\" sizes=\"(max-width: 300px) 100vw, 300px\" \/><\/a><figcaption class=\"blocks-gallery-item__caption\">Salon avec chemin\u00e9e<\/figcaption><\/figure><\/li><\/ul><\/figure>\n\n\n\n<p class=\"has-large-font-size\">1er \u00e9tage<\/p>\n\n\n\n<p>Vous trouverez trois chambres doubles :<\/p>\n\n\n\n<ul><li>La  chambre est avec un lit 160 x 200 cm et un bureau,<\/li><li>La chambre sud-ouest avec un lit 160 x 200 cm  <\/li><li>La chambre nord-ouest, avec un lit 140 x 200 cm et une salle de douche <\/li><li>Une salle de douche avec un double lavabo est une grande douche italienne <\/li><li>Un WC<\/li><\/ul>\n\n\n\n<div class=\"wp-block-group\"><div class=\"wp-block-group__inner-container\">\n<figure class=\"wp-block-gallery columns-3 is-cropped\"><ul class=\"blocks-gallery-grid\"><li class=\"blocks-gallery-item\"><figure><a href=\"http:\/\/essendole-gite-vercors.com\/wp-content\/uploads\/2021\/04\/DSC4349.jpg\"><img loading=\"lazy\" width=\"200\" height=\"300\" src=\"http:\/\/essendole-gite-vercors.com\/wp-content\/uploads\/2021\/04\/DSC4349-200x300.jpg\" alt=\"\" data-id=\"142\" data-full-url=\"http:\/\/essendole-gite-vercors.com\/wp-content\/uploads\/2021\/04\/DSC4349.jpg\" data-link=\"http:\/\/essendole-gite-vercors.com\/index.php\/gite-vacance-villard-de-lans-le-pas-du-loup\/dsc4349\/\" class=\"wp-image-142\" srcset=\"https:\/\/essendole-gite-vercors.com\/wp-content\/uploads\/2021\/04\/DSC4349-200x300.jpg 200w, https:\/\/essendole-gite-vercors.com\/wp-content\/uploads\/2021\/04\/DSC4349-683x1024.jpg 683w, https:\/\/essendole-gite-vercors.com\/wp-content\/uploads\/2021\/04\/DSC4349-768x1152.jpg 768w, https:\/\/essendole-gite-vercors.com\/wp-content\/uploads\/2021\/04\/DSC4349-1024x1536.jpg 1024w, https:\/\/essendole-gite-vercors.com\/wp-content\/uploads\/2021\/04\/DSC4349-1366x2048.jpg 1366w, https:\/\/essendole-gite-vercors.com\/wp-content\/uploads\/2021\/04\/DSC4349.jpg 1707w\" sizes=\"(max-width: 200px) 100vw, 200px\" \/><\/a><figcaption class=\"blocks-gallery-item__caption\">Chambre 1 est avec lit 160&#215;200 cm et bureau<\/figcaption><\/figure><\/li><li class=\"blocks-gallery-item\"><figure><a href=\"http:\/\/essendole-gite-vercors.com\/wp-content\/uploads\/2021\/04\/DSC4342.jpg\"><img loading=\"lazy\" width=\"300\" height=\"200\" src=\"http:\/\/essendole-gite-vercors.com\/wp-content\/uploads\/2021\/04\/DSC4342-300x200.jpg\" alt=\"\" data-id=\"135\" data-full-url=\"http:\/\/essendole-gite-vercors.com\/wp-content\/uploads\/2021\/04\/DSC4342.jpg\" data-link=\"http:\/\/essendole-gite-vercors.com\/index.php\/gite-vacance-villard-de-lans-le-pas-du-loup\/dsc4342\/\" class=\"wp-image-135\" srcset=\"https:\/\/essendole-gite-vercors.com\/wp-content\/uploads\/2021\/04\/DSC4342-300x200.jpg 300w, https:\/\/essendole-gite-vercors.com\/wp-content\/uploads\/2021\/04\/DSC4342-1024x683.jpg 1024w, https:\/\/essendole-gite-vercors.com\/wp-content\/uploads\/2021\/04\/DSC4342-768x512.jpg 768w, https:\/\/essendole-gite-vercors.com\/wp-content\/uploads\/2021\/04\/DSC4342-1536x1024.jpg 1536w, https:\/\/essendole-gite-vercors.com\/wp-content\/uploads\/2021\/04\/DSC4342-2048x1366.jpg 2048w\" sizes=\"(max-width: 300px) 100vw, 300px\" \/><\/a><figcaption class=\"blocks-gallery-item__caption\"><em>Chambre 2 sud-ouest avec lit 160&#215;200 cm<\/em><\/figcaption><\/figure><\/li><li class=\"blocks-gallery-item\"><figure><a href=\"http:\/\/essendole-gite-vercors.com\/wp-content\/uploads\/2021\/04\/8fe62945-1224-4d27-85ce-58bf8c35198b.jpg\"><img loading=\"lazy\" width=\"300\" height=\"200\" src=\"http:\/\/essendole-gite-vercors.com\/wp-content\/uploads\/2021\/04\/8fe62945-1224-4d27-85ce-58bf8c35198b-300x200.jpg\" alt=\"g\u00eete-vacances-vercors\" data-id=\"113\" data-full-url=\"http:\/\/essendole-gite-vercors.com\/wp-content\/uploads\/2021\/04\/8fe62945-1224-4d27-85ce-58bf8c35198b.jpg\" data-link=\"http:\/\/essendole-gite-vercors.com\/index.php\/gite-vacance-villard-de-lans-le-pas-du-loup\/8fe62945-1224-4d27-85ce-58bf8c35198b\/\" class=\"wp-image-113\" srcset=\"https:\/\/essendole-gite-vercors.com\/wp-content\/uploads\/2021\/04\/8fe62945-1224-4d27-85ce-58bf8c35198b-300x200.jpg 300w, https:\/\/essendole-gite-vercors.com\/wp-content\/uploads\/2021\/04\/8fe62945-1224-4d27-85ce-58bf8c35198b-768x512.jpg 768w, https:\/\/essendole-gite-vercors.com\/wp-content\/uploads\/2021\/04\/8fe62945-1224-4d27-85ce-58bf8c35198b.jpg 1024w\" sizes=\"(max-width: 300px) 100vw, 300px\" \/><\/a><figcaption class=\"blocks-gallery-item__caption\"><em>Chambre 2 sud-ouest  avec lit 160&#215;200 cm<\/em><\/figcaption><\/figure><\/li><li class=\"blocks-gallery-item\"><figure><a href=\"http:\/\/essendole-gite-vercors.com\/wp-content\/uploads\/2021\/04\/DSC4348.jpg\"><img loading=\"lazy\" width=\"300\" height=\"200\" src=\"http:\/\/essendole-gite-vercors.com\/wp-content\/uploads\/2021\/04\/DSC4348-300x200.jpg\" alt=\"\" data-id=\"141\" data-full-url=\"http:\/\/essendole-gite-vercors.com\/wp-content\/uploads\/2021\/04\/DSC4348.jpg\" data-link=\"http:\/\/essendole-gite-vercors.com\/index.php\/gite-vacance-villard-de-lans-le-pas-du-loup\/dsc4348\/\" class=\"wp-image-141\" srcset=\"https:\/\/essendole-gite-vercors.com\/wp-content\/uploads\/2021\/04\/DSC4348-300x200.jpg 300w, https:\/\/essendole-gite-vercors.com\/wp-content\/uploads\/2021\/04\/DSC4348-1024x683.jpg 1024w, https:\/\/essendole-gite-vercors.com\/wp-content\/uploads\/2021\/04\/DSC4348-768x512.jpg 768w, https:\/\/essendole-gite-vercors.com\/wp-content\/uploads\/2021\/04\/DSC4348-1536x1024.jpg 1536w, https:\/\/essendole-gite-vercors.com\/wp-content\/uploads\/2021\/04\/DSC4348-2048x1366.jpg 2048w\" sizes=\"(max-width: 300px) 100vw, 300px\" \/><\/a><figcaption class=\"blocks-gallery-item__caption\">Chambre 3 parentale avec salle de douche<\/figcaption><\/figure><\/li><li class=\"blocks-gallery-item\"><figure><a href=\"http:\/\/essendole-gite-vercors.com\/wp-content\/uploads\/2021\/04\/DSC4346.jpg\"><img loading=\"lazy\" width=\"200\" height=\"300\" src=\"http:\/\/essendole-gite-vercors.com\/wp-content\/uploads\/2021\/04\/DSC4346-200x300.jpg\" alt=\"\" data-id=\"139\" data-full-url=\"http:\/\/essendole-gite-vercors.com\/wp-content\/uploads\/2021\/04\/DSC4346.jpg\" data-link=\"http:\/\/essendole-gite-vercors.com\/index.php\/gite-vacance-villard-de-lans-le-pas-du-loup\/dsc4346\/\" class=\"wp-image-139\" srcset=\"https:\/\/essendole-gite-vercors.com\/wp-content\/uploads\/2021\/04\/DSC4346-200x300.jpg 200w, https:\/\/essendole-gite-vercors.com\/wp-content\/uploads\/2021\/04\/DSC4346-683x1024.jpg 683w, https:\/\/essendole-gite-vercors.com\/wp-content\/uploads\/2021\/04\/DSC4346-768x1152.jpg 768w, https:\/\/essendole-gite-vercors.com\/wp-content\/uploads\/2021\/04\/DSC4346-1024x1536.jpg 1024w, https:\/\/essendole-gite-vercors.com\/wp-content\/uploads\/2021\/04\/DSC4346-1366x2048.jpg 1366w, https:\/\/essendole-gite-vercors.com\/wp-content\/uploads\/2021\/04\/DSC4346.jpg 1707w\" sizes=\"(max-width: 200px) 100vw, 200px\" \/><\/a><figcaption class=\"blocks-gallery-item__caption\"><em>Chambre 3 parentale avec salle de douche<\/em><\/figcaption><\/figure><\/li><li class=\"blocks-gallery-item\"><figure><a href=\"http:\/\/essendole-gite-vercors.com\/wp-content\/uploads\/2021\/04\/DSC4343.jpg\"><img loading=\"lazy\" width=\"300\" height=\"200\" src=\"http:\/\/essendole-gite-vercors.com\/wp-content\/uploads\/2021\/04\/DSC4343-300x200.jpg\" alt=\"\" data-id=\"136\" data-full-url=\"http:\/\/essendole-gite-vercors.com\/wp-content\/uploads\/2021\/04\/DSC4343.jpg\" data-link=\"http:\/\/essendole-gite-vercors.com\/index.php\/gite-vacance-villard-de-lans-le-pas-du-loup\/dsc4343\/\" class=\"wp-image-136\" srcset=\"https:\/\/essendole-gite-vercors.com\/wp-content\/uploads\/2021\/04\/DSC4343-300x200.jpg 300w, https:\/\/essendole-gite-vercors.com\/wp-content\/uploads\/2021\/04\/DSC4343-1024x683.jpg 1024w, https:\/\/essendole-gite-vercors.com\/wp-content\/uploads\/2021\/04\/DSC4343-768x512.jpg 768w, https:\/\/essendole-gite-vercors.com\/wp-content\/uploads\/2021\/04\/DSC4343-1536x1024.jpg 1536w, https:\/\/essendole-gite-vercors.com\/wp-content\/uploads\/2021\/04\/DSC4343-2048x1366.jpg 2048w\" sizes=\"(max-width: 300px) 100vw, 300px\" \/><\/a><figcaption class=\"blocks-gallery-item__caption\"><em>Chambre 3 parentale avec salle de douche<\/em><\/figcaption><\/figure><\/li><\/ul><\/figure>\n<\/div><\/div>\n\n\n\n<p class=\"has-large-font-size\">Au 2e \u00e9tage<\/p>\n\n\n\n<p>Le 2d \u00e9tage est compos\u00e9 d&#8217;un grand dortoir id\u00e9alement am\u00e9nag\u00e9 pour vos enfants, mais aussi pour des adultes, avec quatre lits simples 80&#215;200 cm. <br>Chacun son espace intime et on partage repas et jeux ensemble. <\/p>\n\n\n\n<div class=\"wp-block-group\"><div class=\"wp-block-group__inner-container\">\n<figure class=\"wp-block-gallery columns-3 is-cropped\"><ul class=\"blocks-gallery-grid\"><li class=\"blocks-gallery-item\"><figure><a href=\"http:\/\/essendole-gite-vercors.com\/wp-content\/uploads\/2021\/04\/IMG_7186-225x300.jpg\"><img loading=\"lazy\" width=\"225\" height=\"300\" src=\"http:\/\/essendole-gite-vercors.com\/wp-content\/uploads\/2021\/04\/IMG_7186-225x300.jpg\" alt=\"\" data-id=\"155\" data-link=\"http:\/\/essendole-gite-vercors.com\/index.php\/gite-vacance-villard-de-lans-le-bois-du-cerf\/img_7186-2\/\" class=\"wp-image-155\" srcset=\"https:\/\/essendole-gite-vercors.com\/wp-content\/uploads\/2021\/04\/IMG_7186-225x300.jpg 225w, https:\/\/essendole-gite-vercors.com\/wp-content\/uploads\/2021\/04\/IMG_7186-768x1024.jpg 768w, https:\/\/essendole-gite-vercors.com\/wp-content\/uploads\/2021\/04\/IMG_7186-1152x1536.jpg 1152w, https:\/\/essendole-gite-vercors.com\/wp-content\/uploads\/2021\/04\/IMG_7186-rotated.jpg 1512w\" sizes=\"(max-width: 225px) 100vw, 225px\" \/><\/a><figcaption class=\"blocks-gallery-item__caption\">Dortoir<\/figcaption><\/figure><\/li><li class=\"blocks-gallery-item\"><figure><a href=\"http:\/\/essendole-gite-vercors.com\/wp-content\/uploads\/2021\/04\/IMG_7184-225x300.jpg\"><img loading=\"lazy\" width=\"225\" height=\"300\" src=\"http:\/\/essendole-gite-vercors.com\/wp-content\/uploads\/2021\/04\/IMG_7184-225x300.jpg\" alt=\"\" data-id=\"154\" data-link=\"http:\/\/essendole-gite-vercors.com\/index.php\/gite-vacance-villard-de-lans-le-bois-du-cerf\/img_7184-2\/\" class=\"wp-image-154\" srcset=\"https:\/\/essendole-gite-vercors.com\/wp-content\/uploads\/2021\/04\/IMG_7184-225x300.jpg 225w, https:\/\/essendole-gite-vercors.com\/wp-content\/uploads\/2021\/04\/IMG_7184-768x1024.jpg 768w, https:\/\/essendole-gite-vercors.com\/wp-content\/uploads\/2021\/04\/IMG_7184-1152x1536.jpg 1152w, https:\/\/essendole-gite-vercors.com\/wp-content\/uploads\/2021\/04\/IMG_7184-rotated.jpg 1512w\" sizes=\"(max-width: 225px) 100vw, 225px\" \/><\/a><figcaption class=\"blocks-gallery-item__caption\"><em>Dortoir<\/em><\/figcaption><\/figure><\/li><li class=\"blocks-gallery-item\"><figure><a href=\"http:\/\/essendole-gite-vercors.com\/wp-content\/uploads\/2021\/04\/IMG_7183-225x300.jpg\"><img loading=\"lazy\" width=\"225\" height=\"300\" src=\"http:\/\/essendole-gite-vercors.com\/wp-content\/uploads\/2021\/04\/IMG_7183-225x300.jpg\" alt=\"\" data-id=\"153\" data-link=\"http:\/\/essendole-gite-vercors.com\/index.php\/gite-vacance-villard-de-lans-le-bois-du-cerf\/img_7183-2\/\" class=\"wp-image-153\" srcset=\"https:\/\/essendole-gite-vercors.com\/wp-content\/uploads\/2021\/04\/IMG_7183-225x300.jpg 225w, https:\/\/essendole-gite-vercors.com\/wp-content\/uploads\/2021\/04\/IMG_7183-768x1024.jpg 768w, https:\/\/essendole-gite-vercors.com\/wp-content\/uploads\/2021\/04\/IMG_7183-1152x1536.jpg 1152w, https:\/\/essendole-gite-vercors.com\/wp-content\/uploads\/2021\/04\/IMG_7183-rotated.jpg 1512w\" sizes=\"(max-width: 225px) 100vw, 225px\" \/><\/a><figcaption class=\"blocks-gallery-item__caption\"><em>Dortoir<\/em><\/figcaption><\/figure><\/li><li class=\"blocks-gallery-item\"><figure><a href=\"http:\/\/essendole-gite-vercors.com\/wp-content\/uploads\/2021\/05\/d5e1512b-0917-4ddd-8f87-6161609d191e-260x173.jpg\"><img loading=\"lazy\" width=\"260\" height=\"173\" src=\"http:\/\/essendole-gite-vercors.com\/wp-content\/uploads\/2021\/05\/d5e1512b-0917-4ddd-8f87-6161609d191e-260x173.jpg\" alt=\"\" data-id=\"209\" data-link=\"http:\/\/essendole-gite-vercors.com\/index.php\/gite-vacance-villard-de-lans-le-pas-du-loup\/d5e1512b-0917-4ddd-8f87-6161609d191e-2\/\" class=\"wp-image-209\" srcset=\"https:\/\/essendole-gite-vercors.com\/wp-content\/uploads\/2021\/05\/d5e1512b-0917-4ddd-8f87-6161609d191e-260x173.jpg 260w, https:\/\/essendole-gite-vercors.com\/wp-content\/uploads\/2021\/05\/d5e1512b-0917-4ddd-8f87-6161609d191e-900x599.jpg 900w, https:\/\/essendole-gite-vercors.com\/wp-content\/uploads\/2021\/05\/d5e1512b-0917-4ddd-8f87-6161609d191e-150x100.jpg 150w, https:\/\/essendole-gite-vercors.com\/wp-content\/uploads\/2021\/05\/d5e1512b-0917-4ddd-8f87-6161609d191e-768x512.jpg 768w, https:\/\/essendole-gite-vercors.com\/wp-content\/uploads\/2021\/05\/d5e1512b-0917-4ddd-8f87-6161609d191e.jpg 1024w\" sizes=\"(max-width: 260px) 100vw, 260px\" \/><\/a><figcaption class=\"blocks-gallery-item__caption\"><em>Dortoir<\/em><\/figcaption><\/figure><\/li><li class=\"blocks-gallery-item\"><figure><a href=\"http:\/\/essendole-gite-vercors.com\/wp-content\/uploads\/2021\/05\/DSC4335.jpg\"><img loading=\"lazy\" width=\"260\" height=\"173\" src=\"http:\/\/essendole-gite-vercors.com\/wp-content\/uploads\/2021\/05\/DSC4335-260x173.jpg\" alt=\"\" data-id=\"210\" data-full-url=\"http:\/\/essendole-gite-vercors.com\/wp-content\/uploads\/2021\/05\/DSC4335.jpg\" data-link=\"http:\/\/essendole-gite-vercors.com\/index.php\/gite-vacance-villard-de-lans-le-pas-du-loup\/dsc4335\/\" class=\"wp-image-210\" srcset=\"https:\/\/essendole-gite-vercors.com\/wp-content\/uploads\/2021\/05\/DSC4335-260x173.jpg 260w, https:\/\/essendole-gite-vercors.com\/wp-content\/uploads\/2021\/05\/DSC4335-900x600.jpg 900w, https:\/\/essendole-gite-vercors.com\/wp-content\/uploads\/2021\/05\/DSC4335-150x100.jpg 150w, https:\/\/essendole-gite-vercors.com\/wp-content\/uploads\/2021\/05\/DSC4335-768x512.jpg 768w, https:\/\/essendole-gite-vercors.com\/wp-content\/uploads\/2021\/05\/DSC4335-1536x1024.jpg 1536w, https:\/\/essendole-gite-vercors.com\/wp-content\/uploads\/2021\/05\/DSC4335-2048x1366.jpg 2048w\" sizes=\"(max-width: 260px) 100vw, 260px\" \/><\/a><figcaption class=\"blocks-gallery-item__caption\"><em>Dortoir<\/em><\/figcaption><\/figure><\/li><\/ul><\/figure>\n<\/div><\/div>\n\n\n\n<figure class=\"wp-block-gallery columns-0 is-cropped\"><ul class=\"blocks-gallery-grid\"><\/ul><\/figure>\n","protected":false},"excerpt":{"rendered":"<p>Le g\u00eete le Loup est l&#8217;appartement c\u00f4t\u00e9 sud de l&#8217;Essendole. Tr\u00e8s lumineux, le Loup accommode ais\u00e9ment 10 personnes dans ses 100 m2 lumineux et chaleureux. Rez-de-chauss\u00e9e Accessible via une entr\u00e9e privative qui donne sur un WC et un grand placard, vous p\u00e9n\u00e9trerez ensuite dans une spacieuse pi\u00e8ce de vie avec un espace cuisine bien \u00e9quip\u00e9, &hellip; <\/p>\n<p class=\"link-more\"><a href=\"https:\/\/essendole-gite-vercors.com\/index.php\/gite-vacance-villard-de-lans-le-pas-du-loup\/\" class=\"more-link\">Continue reading<span class=\"screen-reader-text\"> &#8220;Essendole &#8211; Le Loup&#8221;<\/span><\/a><\/p>\n","protected":false},"author":1,"featured_media":230,"parent":0,"menu_order":0,"comment_status":"closed","ping_status":"closed","template":"","meta":[],"_links":{"self":[{"href":"https:\/\/essendole-gite-vercors.com\/index.php\/wp-json\/wp\/v2\/pages\/9"}],"collection":[{"href":"https:\/\/essendole-gite-vercors.com\/index.php\/wp-json\/wp\/v2\/pages"}],"about":[{"href":"https:\/\/essendole-gite-vercors.com\/index.php\/wp-json\/wp\/v2\/types\/page"}],"author":[{"embeddable":true,"href":"https:\/\/essendole-gite-vercors.com\/index.php\/wp-json\/wp\/v2\/users\/1"}],"replies":[{"embeddable":true,"href":"https:\/\/essendole-gite-vercors.com\/index.php\/wp-json\/wp\/v2\/comments?post=9"}],"version-history":[{"count":35,"href":"https:\/\/essendole-gite-vercors.com\/index.php\/wp-json\/wp\/v2\/pages\/9\/revisions"}],"predecessor-version":[{"id":402,"href":"https:\/\/essendole-gite-vercors.com\/index.php\/wp-json\/wp\/v2\/pages\/9\/revisions\/402"}],"wp:featuredmedia":[{"embeddable":true,"href":"https:\/\/essendole-gite-vercors.com\/index.php\/wp-json\/wp\/v2\/media\/230"}],"wp:attachment":[{"href":"https:\/\/essendole-gite-vercors.com\/index.php\/wp-json\/wp\/v2\/media?parent=9"}],"curies":[{"name":"wp","href":"https:\/\/api.w.org\/{rel}","templated":true}]}}